{"id":245,"date":"2025-04-20T10:19:10","date_gmt":"2025-04-20T10:19:10","guid":{"rendered":"https:\/\/arnowesterholm.fi\/?page_id=245"},"modified":"2025-04-27T17:54:45","modified_gmt":"2025-04-27T17:54:45","slug":"turvallisuuspolitiikka","status":"publish","type":"page","link":"https:\/\/arnowesterholm.fi\/index.php\/turvallisuuspolitiikka\/","title":{"rendered":"Turvallisuuspolitiikka"},"content":{"rendered":"\t\t<div data-elementor-type=\"wp-page\" data-elementor-id=\"245\" class=\"elementor elementor-245\">\n\t\t\t\t<div class=\"elementor-element elementor-element-b0efe57 e-flex e-con-boxed e-con e-parent\" data-id=\"b0efe57\" data-element_type=\"container\" data-e-type=\"container\">\n\t\t\t\t\t<div class=\"e-con-inner\">\n\t\t\t\t<div class=\"elementor-element elementor-element-c975e8c section-title-style-style4 meta-visibility-show title_position_default title_hover_border_default title-default img_hover_animation_default meta_position_default readmore-btn-default-style grid-hover-overlay-type-always tpg-el-box-border-enable tpg-border-bottom-disable elementor-widget elementor-widget-tpg-list-layout\" data-id=\"c975e8c\" data-element_type=\"widget\" data-e-type=\"widget\" data-widget_type=\"tpg-list-layout.default\">\n\t\t\t\t<div class=\"elementor-widget-container\">\n\t\t\t\t\t\n        <div class=\"rt-container-fluid rt-tpg-container tpg-el-main-wrapper list-layout1-main \"\n             data-sc-id=\"elementor\"\n             id=\"rt-tpg-container-3506901491\"\n             data-layout=\"list-layout1\"\n             data-grid-style=\"tpg-even\"\n             data-el-settings=''\n             data-el-query=''\n             data-el-path=''\n        >\n\t\t\t            <div class='tpg-header-wrapper '>\n\t\t\t\t\n        <div class=\"tpg-widget-heading-wrapper rt-clear heading-style4 \">\n            <span class=\"tpg-widget-heading-line line-left\"><\/span>\n\t\t\t<h2 class='tpg-widget-heading'>\n\t\t\t\n\t\t\t\t                    <span>\n\t\t\t\t\t\tTurvallisuuspolitiikka\t\t\t\t\t<\/span>\n\t\t\t\t\t\n\t\t\t\t\t\t\t<\/h2>            <span class=\"tpg-widget-heading-line line-right\"><\/span>\n\n\t\t\t\n        <\/div>\n\n\t\t\n\t\t            <\/div>\n\n            <div data-title=\"Loading ...\" class=\"rt-row rt-content-loader list-layout1 tpg-even list-behaviour list-layout-wrapper\">\n\t\t\t\t\n<div class=\"rt-col-md-12 rt-col-sm-12 rt-col-xs-12 default rt-list-item rt-grid-item\" data-id=\"487\">\n\t<div class=\"rt-holder tpg-post-holder \">\n\t\t<div class=\"rt-detail rt-el-content-wrapper\">\n\t\t\t\t\t\t\t<div class=\"rt-img-holder tpg-el-image-wrap has-no-thumbnail\">\n\t\t\t\t\t<a data-id=\"487\" href=\"https:\/\/arnowesterholm.fi\/index.php\/2026\/03\/05\/tilannekatsaus\/\" class=\"tpg-post-link\" target=\"_self\">\t\t\n\t\t<\/a>\n\t\t        <div class=\"overlay grid-hover-content\"><\/div>\n\t\t\t\t\t\t<\/div>\n\t\t\t\n\t\t\t<div class=\"post-right-content\">\n\t\t\t\t<div class=\"entry-title-wrapper\"><h3 class=\"entry-title\"><a data-id=\"487\" href=\"https:\/\/arnowesterholm.fi\/index.php\/2026\/03\/05\/tilannekatsaus\/\" class=\"tpg-post-link\" target=\"_self\">Tilannekatsaus<\/a><\/h3><\/div>\n\t\t\t\t\t\t\t\t\t<div class=\"post-meta-tags rt-el-post-meta\">\n\t\t\t\t\t\t\t\t\t\t\t<\/div>\n\t\t\t\t\n\t\t\t\t\t\t\t\t\t<div class=\"tpg-excerpt tpg-el-excerpt\">\n\t\t\t\t\t\t\t\t\t\t\t\t\t<div class=\"tpg-excerpt-inner\">\n\t\t\t\t\t\t\t\tHyv\u00e4t lukijat! Kirjoitin tammikuussa 2026 maailman turvallisuuspolitiikkaa koskevan l\u00e4hes 30 sivua laajan blogikirjoituksen Murrosvaihe. Koska kirjoituksestani jo k\u00e4sittelyn alla olevan aihekokonaisuuden suhteen muodostui hyvin pitk\u00e4, p\u00e4\u00e4tin julkaista sen kolmessa osassa. Toisen osion julkaisemisen j\u00e4lkeen allekirjoittanut on ollut poliittisesti hyvin kiireinen ja toisaalta maailman turvallisuuspolitiikka on jatkanut radikaalia muuttumista julkaisujen j\u00e4lkeen. Edell\u00e4 esitt\u00e4m\u00e4st\u00e4ni syyst\u00e4 haluan ottaa...\t\t\t\t\t\t\t<\/div>\n\t\t\t\t\t\t\t\t\t\t\t\t\t\t\t\t\t<\/div>\n\t\t\t\t\n\t\t\t\t        <div class=\"post-footer\">\n            <div class=\"post-footer\">\n                <div class=\"read-more\">\n\t\t\t\t\t<a data-id=\"487\" href=\"https:\/\/arnowesterholm.fi\/index.php\/2026\/03\/05\/tilannekatsaus\/\" class=\"tpg-post-link\" target=\"_self\">Lue lis\u00e4\u00e4<\/a>                <\/div>\n            <\/div>\n        <\/div>\n\t\t\t\t\t<\/div>\n\t\t<\/div>\n\t<\/div>\n<\/div>\n\n<div class=\"rt-col-md-12 rt-col-sm-12 rt-col-xs-12 default rt-list-item rt-grid-item\" data-id=\"485\">\n\t<div class=\"rt-holder tpg-post-holder \">\n\t\t<div class=\"rt-detail rt-el-content-wrapper\">\n\t\t\t\t\t\t\t<div class=\"rt-img-holder tpg-el-image-wrap has-no-thumbnail\">\n\t\t\t\t\t<a data-id=\"485\" href=\"https:\/\/arnowesterholm.fi\/index.php\/2026\/03\/05\/murrosvaihe-osa-1-3\/\" class=\"tpg-post-link\" target=\"_self\">\t\t\n\t\t<\/a>\n\t\t        <div class=\"overlay grid-hover-content\"><\/div>\n\t\t\t\t\t\t<\/div>\n\t\t\t\n\t\t\t<div class=\"post-right-content\">\n\t\t\t\t<div class=\"entry-title-wrapper\"><h3 class=\"entry-title\"><a data-id=\"485\" href=\"https:\/\/arnowesterholm.fi\/index.php\/2026\/03\/05\/murrosvaihe-osa-1-3\/\" class=\"tpg-post-link\" target=\"_self\">MURROSVAIHE OSA 1\/3<\/a><\/h3><\/div>\n\t\t\t\t\t\t\t\t\t<div class=\"post-meta-tags rt-el-post-meta\">\n\t\t\t\t\t\t\t\t\t\t\t<\/div>\n\t\t\t\t\n\t\t\t\t\t\t\t\t\t<div class=\"tpg-excerpt tpg-el-excerpt\">\n\t\t\t\t\t\t\t\t\t\t\t\t\t<div class=\"tpg-excerpt-inner\">\n\t\t\t\t\t\t\t\tOlen kirjoittanut maailman turvallisuuspoliittisen ymp\u00e4rist\u00f6n vakavasta ja pysyv\u00e4st\u00e4 muutoksesta kiteytetyn, mutta laajan koko maailmaa k\u00e4sittelev\u00e4n blogikirjoituksen. K\u00e4sittelen tarkoituksella aihealuetta niin nykyhetken, historiallisten faktojen, kuin my\u00f6s tulevaisuuteen liittyvien tilannearvioiden yhdistelm\u00e4n\u00e4. Lukuteknisist\u00e4 syist\u00e4 julkaisen yli 20 sivuisen analyysini kolmiosaisena. Hyv\u00e4t lukijat! Vuotta 2026 ei ehtinyt kulua viikkoakaan, kun maailmanlaajuinen turvallisuuspoliittinen ymp\u00e4rist\u00f6 muuttui dramaattisesti ja pysyv\u00e4sti. Kuluvan vuoden...\t\t\t\t\t\t\t<\/div>\n\t\t\t\t\t\t\t\t\t\t\t\t\t\t\t\t\t<\/div>\n\t\t\t\t\n\t\t\t\t        <div class=\"post-footer\">\n            <div class=\"post-footer\">\n                <div class=\"read-more\">\n\t\t\t\t\t<a data-id=\"485\" href=\"https:\/\/arnowesterholm.fi\/index.php\/2026\/03\/05\/murrosvaihe-osa-1-3\/\" class=\"tpg-post-link\" target=\"_self\">Lue lis\u00e4\u00e4<\/a>                <\/div>\n            <\/div>\n        <\/div>\n\t\t\t\t\t<\/div>\n\t\t<\/div>\n\t<\/div>\n<\/div>\n\n<div class=\"rt-col-md-12 rt-col-sm-12 rt-col-xs-12 default rt-list-item rt-grid-item\" data-id=\"483\">\n\t<div class=\"rt-holder tpg-post-holder \">\n\t\t<div class=\"rt-detail rt-el-content-wrapper\">\n\t\t\t\t\t\t\t<div class=\"rt-img-holder tpg-el-image-wrap has-no-thumbnail\">\n\t\t\t\t\t<a data-id=\"483\" href=\"https:\/\/arnowesterholm.fi\/index.php\/2026\/03\/05\/murrosvaihe-osa-2-3\/\" class=\"tpg-post-link\" target=\"_self\">\t\t\n\t\t<\/a>\n\t\t        <div class=\"overlay grid-hover-content\"><\/div>\n\t\t\t\t\t\t<\/div>\n\t\t\t\n\t\t\t<div class=\"post-right-content\">\n\t\t\t\t<div class=\"entry-title-wrapper\"><h3 class=\"entry-title\"><a data-id=\"483\" href=\"https:\/\/arnowesterholm.fi\/index.php\/2026\/03\/05\/murrosvaihe-osa-2-3\/\" class=\"tpg-post-link\" target=\"_self\">MURROSVAIHE OSA 2\/3<\/a><\/h3><\/div>\n\t\t\t\t\t\t\t\t\t<div class=\"post-meta-tags rt-el-post-meta\">\n\t\t\t\t\t\t\t\t\t\t\t<\/div>\n\t\t\t\t\n\t\t\t\t\t\t\t\t\t<div class=\"tpg-excerpt tpg-el-excerpt\">\n\t\t\t\t\t\t\t\t\t\t\t\t\t<div class=\"tpg-excerpt-inner\">\n\t\t\t\t\t\t\t\tTILANNE TAMMIKUUSSA 2026 Yhdistyneet kansakunnat: Toisen maailmansodan j\u00e4lkeen, voittajavaltioiden perustama Yhdistyneet kansakunnat, eli paremmin tunnettuna lyhenteen\u00e4 YK on t\u00e4ysin toimintakyvyt\u00f6n. Historia on toistanut itsens\u00e4 my\u00f6s kyseisess\u00e4 asiassa. YK:n edelt\u00e4j\u00e4 Kansainliitto perustettiin ensimm\u00e4isen maailmansodan j\u00e4lkeen yll\u00e4pit\u00e4m\u00e4\u00e4n rauhaa maailmassa. Lienee tarpeetonta k\u00e4sitell\u00e4 miten kyseinen rauhan yll\u00e4pit\u00e4minen onnistui. YK on saman kaltaisessa tilanteessa edelt\u00e4j\u00e4ns\u00e4 kanssa. Turvallisuusneuvostolla on YK:n...\t\t\t\t\t\t\t<\/div>\n\t\t\t\t\t\t\t\t\t\t\t\t\t\t\t\t\t<\/div>\n\t\t\t\t\n\t\t\t\t        <div class=\"post-footer\">\n            <div class=\"post-footer\">\n                <div class=\"read-more\">\n\t\t\t\t\t<a data-id=\"483\" href=\"https:\/\/arnowesterholm.fi\/index.php\/2026\/03\/05\/murrosvaihe-osa-2-3\/\" class=\"tpg-post-link\" target=\"_self\">Lue lis\u00e4\u00e4<\/a>                <\/div>\n            <\/div>\n        <\/div>\n\t\t\t\t\t<\/div>\n\t\t<\/div>\n\t<\/div>\n<\/div>\n\n<div class=\"rt-col-md-12 rt-col-sm-12 rt-col-xs-12 default rt-list-item rt-grid-item\" data-id=\"150\">\n\t<div class=\"rt-holder tpg-post-holder \">\n\t\t<div class=\"rt-detail rt-el-content-wrapper\">\n\t\t\t\t\t\t\t<div class=\"rt-img-holder tpg-el-image-wrap has-no-thumbnail\">\n\t\t\t\t\t<a data-id=\"150\" href=\"https:\/\/arnowesterholm.fi\/index.php\/2025\/04\/17\/yhdysvallat-ulkoistettava-euroopan-turvallisuuspolitiikasta\/\" class=\"tpg-post-link\" target=\"_self\">\t\t\n\t\t<\/a>\n\t\t        <div class=\"overlay grid-hover-content\"><\/div>\n\t\t\t\t\t\t<\/div>\n\t\t\t\n\t\t\t<div class=\"post-right-content\">\n\t\t\t\t<div class=\"entry-title-wrapper\"><h3 class=\"entry-title\"><a data-id=\"150\" href=\"https:\/\/arnowesterholm.fi\/index.php\/2025\/04\/17\/yhdysvallat-ulkoistettava-euroopan-turvallisuuspolitiikasta\/\" class=\"tpg-post-link\" target=\"_self\">Yhdysvallat ulkoistettava Euroopan turvallisuuspolitiikasta!<\/a><\/h3><\/div>\n\t\t\t\t\t\t\t\t\t<div class=\"post-meta-tags rt-el-post-meta\">\n\t\t\t\t\t\t\t\t\t\t\t<\/div>\n\t\t\t\t\n\t\t\t\t\t\t\t\t\t<div class=\"tpg-excerpt tpg-el-excerpt\">\n\t\t\t\t\t\t\t\t\t\t\t\t\t<div class=\"tpg-excerpt-inner\">\n\t\t\t\t\t\t\t\tHyv\u00e4t lukijat! Yhdysvaltojen uuden presidentin Donald Trumpin ajama politiikka on lyhyess\u00e4 ajassa ajanut koko Euroopan merkitt\u00e4v\u00e4sti l\u00e4hemm\u00e4s totaalista suursotaa, kuin koskaan aikaisemmin, sitten toisen maailman sodan. Kuten olen monesti todennut,&nbsp;\u201dJos haluat n\u00e4hd\u00e4 tulevaan, katso menneeseen!\u201d.&nbsp;Edell\u00e4 olevan toteamukseni mukaisesti on nykyist\u00e4kin tilannetta katsottava ensin historiallisesta perspektiivist\u00e4. Olen aina suhtautunut kriittisesti laajempaan yhteisty\u00f6h\u00f6n Yhdysvaltojen suhteen. Kriittisyyteni perustuu...\t\t\t\t\t\t\t<\/div>\n\t\t\t\t\t\t\t\t\t\t\t\t\t\t\t\t\t<\/div>\n\t\t\t\t\n\t\t\t\t        <div class=\"post-footer\">\n            <div class=\"post-footer\">\n                <div class=\"read-more\">\n\t\t\t\t\t<a data-id=\"150\" href=\"https:\/\/arnowesterholm.fi\/index.php\/2025\/04\/17\/yhdysvallat-ulkoistettava-euroopan-turvallisuuspolitiikasta\/\" class=\"tpg-post-link\" target=\"_self\">Lue lis\u00e4\u00e4<\/a>                <\/div>\n            <\/div>\n        <\/div>\n\t\t\t\t\t<\/div>\n\t\t<\/div>\n\t<\/div>\n<\/div>\n            <\/div>\n\n\t\t\t\n        <\/div>\n\t\t\t\t\t\t<\/div>\n\t\t\t\t<\/div>\n\t\t\t\t\t<\/div>\n\t\t\t\t<\/div>\n\t\t\t\t<\/div>\n\t\t","protected":false},"excerpt":{"rendered":"<p>Turvallisuuspolitiikka Yhdysvallat ulkoistettava Euroopan turvallisuuspolitiikasta! Hyv\u00e4t lukijat! Yhdysvaltojen uuden presidentin Donald Trumpin ajama politiikka on lyhyess\u00e4 ajassa ajanut koko Euroopan merkitt\u00e4v\u00e4sti l\u00e4hemm\u00e4s totaalista suursotaa, kuin koskaan aikaisemmin, sitten toisen maailman sodan. Kuten olen monesti todennut,&nbsp;\u201dJos haluat n\u00e4hd\u00e4 tulevaan, katso menneeseen!\u201d.&nbsp;Edell\u00e4 olevan toteamukseni mukaisesti on nykyist\u00e4kin tilannetta katsottava ensin historiallisesta perspektiivist\u00e4. Olen aina suhtautunut kriittisesti laajempaan [&hellip;]<\/p>\n","protected":false},"author":2,"featured_media":0,"parent":0,"menu_order":0,"comment_status":"closed","ping_status":"closed","template":"elementor_canvas","meta":{"footnotes":""},"class_list":["post-245","page","type-page","status-publish","hentry"],"rttpg_featured_image_url":null,"rttpg_author":{"display_name":"anssi","author_link":"https:\/\/arnowesterholm.fi\/index.php\/author\/anssi\/"},"rttpg_comment":0,"rttpg_category":"","rttpg_excerpt":"Turvallisuuspolitiikka Yhdysvallat ulkoistettava Euroopan turvallisuuspolitiikasta! Hyv\u00e4t lukijat! Yhdysvaltojen uuden presidentin Donald Trumpin ajama politiikka on lyhyess\u00e4 ajassa ajanut koko Euroopan merkitt\u00e4v\u00e4sti l\u00e4hemm\u00e4s totaalista suursotaa, kuin koskaan aikaisemmin, sitten toisen maailman sodan. Kuten olen monesti todennut,&nbsp;\u201dJos haluat n\u00e4hd\u00e4 tulevaan, katso menneeseen!\u201d.&nbsp;Edell\u00e4 olevan toteamukseni mukaisesti on nykyist\u00e4kin tilannetta katsottava ensin historiallisesta perspektiivist\u00e4. Olen aina suhtautunut kriittisesti laajempaan&hellip;","_links":{"self":[{"href":"https:\/\/arnowesterholm.fi\/index.php\/wp-json\/wp\/v2\/pages\/245","targetHints":{"allow":["GET"]}}],"collection":[{"href":"https:\/\/arnowesterholm.fi\/index.php\/wp-json\/wp\/v2\/pages"}],"about":[{"href":"https:\/\/arnowesterholm.fi\/index.php\/wp-json\/wp\/v2\/types\/page"}],"author":[{"embeddable":true,"href":"https:\/\/arnowesterholm.fi\/index.php\/wp-json\/wp\/v2\/users\/2"}],"replies":[{"embeddable":true,"href":"https:\/\/arnowesterholm.fi\/index.php\/wp-json\/wp\/v2\/comments?post=245"}],"version-history":[{"count":7,"href":"https:\/\/arnowesterholm.fi\/index.php\/wp-json\/wp\/v2\/pages\/245\/revisions"}],"predecessor-version":[{"id":378,"href":"https:\/\/arnowesterholm.fi\/index.php\/wp-json\/wp\/v2\/pages\/245\/revisions\/378"}],"wp:attachment":[{"href":"https:\/\/arnowesterholm.fi\/index.php\/wp-json\/wp\/v2\/media?parent=245"}],"curies":[{"name":"wp","href":"https:\/\/api.w.org\/{rel}","templated":true}]}}