{"id":228,"date":"2025-04-18T08:04:57","date_gmt":"2025-04-18T08:04:57","guid":{"rendered":"https:\/\/arnowesterholm.fi\/?page_id=228"},"modified":"2026-03-04T14:09:15","modified_gmt":"2026-03-04T14:09:15","slug":"yhteystiedot","status":"publish","type":"page","link":"https:\/\/arnowesterholm.fi\/index.php\/yhteystiedot\/","title":{"rendered":"Esittely"},"content":{"rendered":"\t\t<div data-elementor-type=\"wp-page\" data-elementor-id=\"228\" class=\"elementor elementor-228\">\n\t\t\t\t<div class=\"elementor-element elementor-element-a202b7a e-flex e-con-boxed e-con e-parent\" data-id=\"a202b7a\" data-element_type=\"container\" data-e-type=\"container\">\n\t\t\t\t\t<div class=\"e-con-inner\">\n\t\t<div class=\"elementor-element elementor-element-a78a59a e-con-full e-flex e-con e-child\" data-id=\"a78a59a\" data-element_type=\"container\" data-e-type=\"container\">\n\t\t\t\t<div class=\"elementor-element elementor-element-2df3252 elementor-widget elementor-widget-image\" data-id=\"2df3252\" data-element_type=\"widget\" data-e-type=\"widget\" data-widget_type=\"image.default\">\n\t\t\t\t<div class=\"elementor-widget-container\">\n\t\t\t\t\t\t\t\t\t\t\t\t\t\t\t<img fetchpriority=\"high\" decoding=\"async\" width=\"512\" height=\"512\" src=\"https:\/\/arnowesterholm.fi\/wp-content\/uploads\/2025\/04\/cropped-IMG_8136-scaled-1.jpg\" class=\"attachment-large size-large wp-image-69\" alt=\"\" srcset=\"https:\/\/arnowesterholm.fi\/wp-content\/uploads\/2025\/04\/cropped-IMG_8136-scaled-1.jpg 512w, https:\/\/arnowesterholm.fi\/wp-content\/uploads\/2025\/04\/cropped-IMG_8136-scaled-1-300x300.jpg 300w, https:\/\/arnowesterholm.fi\/wp-content\/uploads\/2025\/04\/cropped-IMG_8136-scaled-1-150x150.jpg 150w, https:\/\/arnowesterholm.fi\/wp-content\/uploads\/2025\/04\/cropped-IMG_8136-scaled-1-270x270.jpg 270w, https:\/\/arnowesterholm.fi\/wp-content\/uploads\/2025\/04\/cropped-IMG_8136-scaled-1-192x192.jpg 192w, https:\/\/arnowesterholm.fi\/wp-content\/uploads\/2025\/04\/cropped-IMG_8136-scaled-1-180x180.jpg 180w, https:\/\/arnowesterholm.fi\/wp-content\/uploads\/2025\/04\/cropped-IMG_8136-scaled-1-32x32.jpg 32w\" sizes=\"(max-width: 512px) 100vw, 512px\" \/>\t\t\t\t\t\t\t\t\t\t\t\t\t\t\t<\/div>\n\t\t\t\t<\/div>\n\t\t\t\t<\/div>\n\t\t<div class=\"elementor-element elementor-element-3f6e80d e-con-full e-grid e-con e-child\" data-id=\"3f6e80d\" data-element_type=\"container\" data-e-type=\"container\">\n\t\t\t\t<div class=\"elementor-element elementor-element-9c189a0 elementor-widget elementor-widget-text-editor\" data-id=\"9c189a0\" data-element_type=\"widget\" data-e-type=\"widget\" data-widget_type=\"text-editor.default\">\n\t\t\t\t<div class=\"elementor-widget-container\">\n\t\t\t\t\t\t\t\t\t<ul><li class=\"p1\"><p class=\"p1\">Luutnantti<\/p><\/li><li class=\"p1\"><p class=\"p1\">Kansallismielinen ideologi<\/p><\/li><li class=\"p1\"><p class=\"p1\">Lains\u00e4\u00e4d\u00e4nn\u00f6n sek\u00e4 kansainv\u00e4listen sopimusten ja velvoitteiden asiantuntija<\/p><\/li><li class=\"p1\"><p class=\"p1\">Ammattiriistanhoitaja<\/p><\/li><li class=\"p1\"><p class=\"p1\">Mets\u00e4st\u00e4j\u00e4<\/p><\/li><li class=\"p1\"><p class=\"p1\">Mets\u00e4talouden harjoittaja<\/p><\/li><li class=\"p1\"><p class=\"p1\">PS-poliitikko<\/p><\/li><\/ul>\t\t\t\t\t\t\t\t<\/div>\n\t\t\t\t<\/div>\n\t\t\t\t<div class=\"elementor-element elementor-element-f3f54b3 elementor-widget elementor-widget-text-editor\" data-id=\"f3f54b3\" data-element_type=\"widget\" data-e-type=\"widget\" data-widget_type=\"text-editor.default\">\n\t\t\t\t<div class=\"elementor-widget-container\">\n\t\t\t\t\t\t\t\t\t<p>S\u00e4hk\u00f6posti: yhteys@arnowesterholm.fi<\/p><p>X: @arno_westerholm<\/p><p>\u00a0<\/p>\t\t\t\t\t\t\t\t<\/div>\n\t\t\t\t<\/div>\n\t\t\t\t<\/div>\n\t\t\t\t\t<\/div>\n\t\t\t\t<\/div>\n\t\t<div class=\"elementor-element elementor-element-c9d5cd5 e-flex e-con-boxed e-con e-parent\" data-id=\"c9d5cd5\" data-element_type=\"container\" data-e-type=\"container\">\n\t\t\t\t\t<div class=\"e-con-inner\">\n\t\t\t\t<div class=\"elementor-element elementor-element-1fc55ee elementor-widget elementor-widget-link-in-bio\" data-id=\"1fc55ee\" data-element_type=\"widget\" data-e-type=\"widget\" data-widget_type=\"link-in-bio.default\">\n\t\t\t\t<div class=\"elementor-widget-container\">\n\t\t\t\t\t\t\t<div class=\"e-link-in-bio e-link-in-bio\">\n\t\t\t<div class=\"e-link-in-bio__content\">\n\n\t\t\t\t\t\t<div class=\"e-link-in-bio__identity\">\n\t\t\t\t\t\t\t\t\t<div class=\"e-link-in-bio__identity-image e-link-in-bio__identity-image-profile has-style-circle\">\n\t\t\t\t\t\t\t<img decoding=\"async\" width=\"300\" height=\"300\" src=\"https:\/\/arnowesterholm.fi\/wp-content\/uploads\/2025\/04\/cropped-IMG_8136-scaled-1-300x300.jpg\" class=\"e-link-in-bio__identity-image-element\" alt=\"\" srcset=\"https:\/\/arnowesterholm.fi\/wp-content\/uploads\/2025\/04\/cropped-IMG_8136-scaled-1-300x300.jpg 300w, https:\/\/arnowesterholm.fi\/wp-content\/uploads\/2025\/04\/cropped-IMG_8136-scaled-1-150x150.jpg 150w, https:\/\/arnowesterholm.fi\/wp-content\/uploads\/2025\/04\/cropped-IMG_8136-scaled-1-270x270.jpg 270w, https:\/\/arnowesterholm.fi\/wp-content\/uploads\/2025\/04\/cropped-IMG_8136-scaled-1-192x192.jpg 192w, https:\/\/arnowesterholm.fi\/wp-content\/uploads\/2025\/04\/cropped-IMG_8136-scaled-1-180x180.jpg 180w, https:\/\/arnowesterholm.fi\/wp-content\/uploads\/2025\/04\/cropped-IMG_8136-scaled-1-32x32.jpg 32w, https:\/\/arnowesterholm.fi\/wp-content\/uploads\/2025\/04\/cropped-IMG_8136-scaled-1.jpg 512w\" sizes=\"(max-width: 300px) 100vw, 300px\" \/>\t\t\t\t\t\t\t\t\t\t\t\t\t<\/div>\n\t\t\t\t\t\t\t<\/div>\n\t\t\t\t\t<div class=\"e-link-in-bio__bio\">\n\t\t\t\t<h2 class=\"e-link-in-bio__heading\">Arno Westerholm<\/h2>\t\t\t\t\t\t\t\t\t\t\t\t\t\t\t<\/div>\n\t\t\t\t\t<div class=\"e-link-in-bio__icons has-size-small\">\n\t\t\t\t\t\t\t<div class=\"e-link-in-bio__icon is-size-small\">\n\t\t\t\t\t<a href=\"http:\/\/www.x.com\/arno_westerholm\" target=\"_blank\" rel=\"noopener \" aria-label=\"X (Twitter)\" class=\"e-link-in-bio__icon-link\">\n\t\t\t\t\t\t<span class=\"e-link-in-bio__icon-svg\">\n\t\t\t\t\t\t\t<svg aria-hidden=\"true\" class=\"e-font-icon-svg e-fab-x-twitter\" viewBox=\"0 0 512 512\" xmlns=\"http:\/\/www.w3.org\/2000\/svg\"><path d=\"M389.2 48h70.6L305.6 224.2 487 464H345L233.7 318.6 106.5 464H35.8L200.7 275.5 26.8 48H172.4L272.9 180.9 389.2 48zM364.4 421.8h39.1L151.1 88h-42L364.4 421.8z\"><\/path><\/svg>\t\t\t\t\t\t<\/span>\n\t\t\t\t\t\t\t\t\t\t\t<\/a>\n\t\t\t\t<\/div>\n\t\t\t\t\t<\/div>\n\t\t\n\t\t<div class=\"e-link-in-bio__ctas has-type-button\">\n\t\t\t\t\t\t\t<a class=\"e-link-in-bio__cta is-type-button has-corners-rounded\" href=\"mailto:yhteys@arnowesterholm.fi\">\n\t\t\t\t\t\t\t\t\t\t<span class=\"e-link-in-bio__cta-text\">\n\t\t\t\t\t\tOta yhteytt\u00e4\t\t\t\t\t<\/span>\n\t\t\t\t<\/a>\n\t\t\t\t\t<\/div>\n\t\t\n\t\t\t<\/div>\n\t\t\t<div class=\"e-link-in-bio__bg\">\n\t\t\t\t<div class=\"e-link-in-bio__bg-overlay\"><\/div>\n\t\t\t<\/div>\n\t\t<\/div>\n\t\t\t\t\t\t<\/div>\n\t\t\t\t<\/div>\n\t\t\t\t\t<\/div>\n\t\t\t\t<\/div>\n\t\t\t\t<\/div>\n\t\t","protected":false},"excerpt":{"rendered":"<p>Luutnantti Kansallismielinen ideologi Lains\u00e4\u00e4d\u00e4nn\u00f6n sek\u00e4 kansainv\u00e4listen sopimusten ja velvoitteiden asiantuntija Ammattiriistanhoitaja Mets\u00e4st\u00e4j\u00e4 Mets\u00e4talouden harjoittaja PS-poliitikko S\u00e4hk\u00f6posti: yhteys@arnowesterholm.fi X: @arno_westerholm \u00a0 Arno Westerholm Ota yhteytt\u00e4<\/p>\n","protected":false},"author":2,"featured_media":0,"parent":0,"menu_order":0,"comment_status":"closed","ping_status":"closed","template":"elementor_canvas","meta":{"footnotes":""},"class_list":["post-228","page","type-page","status-publish","hentry"],"rttpg_featured_image_url":null,"rttpg_author":{"display_name":"anssi","author_link":"https:\/\/arnowesterholm.fi\/index.php\/author\/anssi\/"},"rttpg_comment":0,"rttpg_category":null,"rttpg_excerpt":"Luutnantti Kansallismielinen ideologi Lains\u00e4\u00e4d\u00e4nn\u00f6n sek\u00e4 kansainv\u00e4listen sopimusten ja velvoitteiden asiantuntija Ammattiriistanhoitaja Mets\u00e4st\u00e4j\u00e4 Mets\u00e4talouden harjoittaja PS-poliitikko S\u00e4hk\u00f6posti: yhteys@arnowesterholm.fi X: @arno_westerholm \u00a0 Arno Westerholm Ota yhteytt\u00e4","_links":{"self":[{"href":"https:\/\/arnowesterholm.fi\/index.php\/wp-json\/wp\/v2\/pages\/228","targetHints":{"allow":["GET"]}}],"collection":[{"href":"https:\/\/arnowesterholm.fi\/index.php\/wp-json\/wp\/v2\/pages"}],"about":[{"href":"https:\/\/arnowesterholm.fi\/index.php\/wp-json\/wp\/v2\/types\/page"}],"author":[{"embeddable":true,"href":"https:\/\/arnowesterholm.fi\/index.php\/wp-json\/wp\/v2\/users\/2"}],"replies":[{"embeddable":true,"href":"https:\/\/arnowesterholm.fi\/index.php\/wp-json\/wp\/v2\/comments?post=228"}],"version-history":[{"count":26,"href":"https:\/\/arnowesterholm.fi\/index.php\/wp-json\/wp\/v2\/pages\/228\/revisions"}],"predecessor-version":[{"id":480,"href":"https:\/\/arnowesterholm.fi\/index.php\/wp-json\/wp\/v2\/pages\/228\/revisions\/480"}],"wp:attachment":[{"href":"https:\/\/arnowesterholm.fi\/index.php\/wp-json\/wp\/v2\/media?parent=228"}],"curies":[{"name":"wp","href":"https:\/\/api.w.org\/{rel}","templated":true}]}}